{"id":132,"date":"2024-11-19T10:03:46","date_gmt":"2024-11-19T09:03:46","guid":{"rendered":"https:\/\/zlobek.slupno.eu\/?page_id=132"},"modified":"2026-01-20T15:08:41","modified_gmt":"2026-01-20T14:08:41","slug":"dokumenty-prawne","status":"publish","type":"page","link":"https:\/\/zlobek.slupno.eu\/index.php\/dokumenty-prawne\/","title":{"rendered":"Dokumenty prawne"},"content":{"rendered":"\n<div class=\"wp-block-file\"><a id=\"wp-block-file--media-a9632c8d-ffbb-4641-9520-91b473789905\" href=\"https:\/\/zlobek.slupno.eu\/wp-content\/uploads\/2026\/01\/regulamin.pdf\">Regulamin Gminnego \u017b\u0142obka w S\u0142upnie<\/a><a href=\"https:\/\/zlobek.slupno.eu\/wp-content\/uploads\/2026\/01\/regulamin.pdf\" class=\"wp-block-file__button wp-element-button\" download aria-describedby=\"wp-block-file--media-a9632c8d-ffbb-4641-9520-91b473789905\">Pobierz<\/a><\/div>\n\n\n\n<div style=\"height:44px\" aria-hidden=\"true\" class=\"wp-block-spacer\"><\/div>\n\n\n\n<div class=\"wp-block-file\"><a id=\"wp-block-file--media-6b799d70-1377-4aa2-ae93-6ba65a967780\" href=\"https:\/\/zlobek.slupno.eu\/wp-content\/uploads\/2024\/11\/Standardy-ochrony-maloletnich-przed-krzywdzeniem-w-Gminnym-Zlobku-w-Slupnie-i-filii-w-Nowym-Gulczewie.docx\">Standardy ochrony ma\u0142oletnich przed krzywdzeniem<\/a><a href=\"https:\/\/zlobek.slupno.eu\/wp-content\/uploads\/2024\/11\/Standardy-ochrony-maloletnich-przed-krzywdzeniem-w-Gminnym-Zlobku-w-Slupnie-i-filii-w-Nowym-Gulczewie.docx\" class=\"wp-block-file__button wp-element-button\" download aria-describedby=\"wp-block-file--media-6b799d70-1377-4aa2-ae93-6ba65a967780\">Pobierz<\/a><\/div>\n\n\n\n<div style=\"height:44px\" aria-hidden=\"true\" class=\"wp-block-spacer\"><\/div>\n\n\n\n<div class=\"wp-block-file\"><a id=\"wp-block-file--media-a61775a0-beb9-4a03-adf2-c15c3125dd19\" href=\"https:\/\/zlobek.slupno.eu\/wp-content\/uploads\/2024\/11\/statut.pdf\">Statut<\/a><a href=\"https:\/\/zlobek.slupno.eu\/wp-content\/uploads\/2024\/11\/statut.pdf\" class=\"wp-block-file__button wp-element-button\" download aria-describedby=\"wp-block-file--media-a61775a0-beb9-4a03-adf2-c15c3125dd19\">Pobierz<\/a><\/div>\n\n\n\n<div style=\"height:44px\" aria-hidden=\"true\" class=\"wp-block-spacer\"><\/div>\n\n\n\n<div class=\"wp-block-file\"><a id=\"wp-block-file--media-64d4318e-b528-42e1-9219-4e18dab239f4\" href=\"https:\/\/zlobek.slupno.eu\/wp-content\/uploads\/2024\/11\/uchwaly.docx\">Uchwa\u0142y<\/a><a href=\"https:\/\/zlobek.slupno.eu\/wp-content\/uploads\/2024\/11\/uchwaly.docx\" class=\"wp-block-file__button wp-element-button\" download aria-describedby=\"wp-block-file--media-64d4318e-b528-42e1-9219-4e18dab239f4\">Pobierz<\/a><\/div>\n\n\n\n<div style=\"height:44px\" aria-hidden=\"true\" class=\"wp-block-spacer\"><\/div>\n\n\n\n<div class=\"wp-block-file\"><a id=\"wp-block-file--media-e5eace01-853c-4e92-b897-214f934bf721\" href=\"https:\/\/zlobek.slupno.eu\/wp-content\/uploads\/2026\/01\/zarz_198_2025_2.pdf\"><strong>Plan opieku\u0144czo-wychowawczo-edukacyjny<\/strong><br>(Zarz\u0105dzenie nr 198\/2025 W\u00f3jta Gminy S\u0142upno z dnia 10 grudnia 2025r.w sprawie przyj\u0119cia planu opieku\u0144czo-wychowawczo-edukacyjnego dla Gminego \u017b\u0142obka w S\u0142upnie i Gminnego \u017b\u0142obka w S\u0142upnie z fili\u0105 w Nowym Gulczewie<br><br><\/a><a href=\"https:\/\/zlobek.slupno.eu\/wp-content\/uploads\/2026\/01\/zarz_198_2025_2.pdf\" class=\"wp-block-file__button wp-element-button\" download aria-describedby=\"wp-block-file--media-e5eace01-853c-4e92-b897-214f934bf721\">Pobierz<\/a><\/div>\n","protected":false},"excerpt":{"rendered":"","protected":false},"author":1,"featured_media":0,"parent":0,"menu_order":0,"comment_status":"closed","ping_status":"closed","template":"","meta":{"_themeisle_gutenberg_block_has_review":false,"footnotes":""},"class_list":["post-132","page","type-page","status-publish","hentry"],"_links":{"self":[{"href":"https:\/\/zlobek.slupno.eu\/index.php\/wp-json\/wp\/v2\/pages\/132","targetHints":{"allow":["GET"]}}],"collection":[{"href":"https:\/\/zlobek.slupno.eu\/index.php\/wp-json\/wp\/v2\/pages"}],"about":[{"href":"https:\/\/zlobek.slupno.eu\/index.php\/wp-json\/wp\/v2\/types\/page"}],"author":[{"embeddable":true,"href":"https:\/\/zlobek.slupno.eu\/index.php\/wp-json\/wp\/v2\/users\/1"}],"replies":[{"embeddable":true,"href":"https:\/\/zlobek.slupno.eu\/index.php\/wp-json\/wp\/v2\/comments?post=132"}],"version-history":[{"count":10,"href":"https:\/\/zlobek.slupno.eu\/index.php\/wp-json\/wp\/v2\/pages\/132\/revisions"}],"predecessor-version":[{"id":8122,"href":"https:\/\/zlobek.slupno.eu\/index.php\/wp-json\/wp\/v2\/pages\/132\/revisions\/8122"}],"wp:attachment":[{"href":"https:\/\/zlobek.slupno.eu\/index.php\/wp-json\/wp\/v2\/media?parent=132"}],"curies":[{"name":"wp","href":"https:\/\/api.w.org\/{rel}","templated":true}]}}