{"id":130,"date":"2024-11-19T10:03:35","date_gmt":"2024-11-19T09:03:35","guid":{"rendered":"https:\/\/zlobek.slupno.eu\/?page_id=130"},"modified":"2025-09-08T13:55:25","modified_gmt":"2025-09-08T11:55:25","slug":"kadra","status":"publish","type":"page","link":"https:\/\/zlobek.slupno.eu\/index.php\/kadra\/","title":{"rendered":"Kadra"},"content":{"rendered":"\n<h4 class=\"wp-block-heading\">Kadra Pracownicza<\/h4>\n\n\n\n<p>\u2013 \u017b\u0142obek zapewnia wykwalifikowan\u0105 kadr\u0119 pedagogiczn\u0105, kt\u00f3ra posiada do\u015bwiadczenie i odpowiednie kwalifikacje do pracy z dzie\u0107mi w wieku niemowl\u0119cym i wczesnodzieci\u0119cym. Opiekunowie w \u017c\u0142obku dbaj\u0105 o rozw\u00f3j dziecka, zapewniaj\u0105c odpowiedni\u0105 stymulacj\u0119 intelektualn\u0105, emocjonaln\u0105 i fizyczn\u0105.<\/p>\n\n\n\n<p><strong>GMINNY \u017b\u0141OBEK W S\u0141UPNIE<\/strong><\/p>\n\n\n\n<p>Administracja:<\/p>\n\n\n\n<ul class=\"wp-block-list\">\n<li>Ewelina Walczak \u2013 Dyrektor<\/li>\n\n\n\n<li>Justyna Woja &#8211; sekretarka\/opiekunka<\/li>\n<\/ul>\n\n\n\n<p>Opiekunki:<\/p>\n\n\n\n<ul class=\"wp-block-list\">\n<li>Ciocia Dominika<\/li>\n\n\n\n<li>Ciocia Ewelina<\/li>\n\n\n\n<li>Ciocia Iwona<\/li>\n\n\n\n<li>Ciocia Nina<\/li>\n\n\n\n<li>Ciocia Monika<\/li>\n\n\n\n<li>Ciocia Mirella<\/li>\n\n\n\n<li>Ciocia Patrycja<\/li>\n\n\n\n<li>Ciocia Wiola<\/li>\n<\/ul>\n\n\n\n<p>Pracownicy obs\u0142ugi:<\/p>\n\n\n\n<ul class=\"wp-block-list\">\n<li>Ciocia Iza \u2013 pomoc kuchenna<\/li>\n\n\n\n<li>Ciocia Jadzia \u2013 wo\u017ana<\/li>\n\n\n\n<li>Ciocia Mariola \u2013 wo\u017ana<\/li>\n\n\n\n<li>Ciocia Kasia \u2013 wo\u017ana<\/li>\n\n\n\n<li>Ciocia Ma\u0142gosia \u2013 piel\u0119gniarka<\/li>\n<\/ul>\n\n\n\n<p><strong>FILIA GMINNEGO \u017b\u0141OBKA W S\u0141UPNIE W NOWYM GULCZEWIE<\/strong><\/p>\n\n\n\n<p>Administracja:<\/p>\n\n\n\n<ul class=\"wp-block-list\">\n<li>Ciocia Wiola \u2013 kierownik<\/li>\n<\/ul>\n\n\n\n<p>Opiekunki:<\/p>\n\n\n\n<ul class=\"wp-block-list\">\n<li>Ciocia Kamila<\/li>\n\n\n\n<li>Ciocia Iwonka<\/li>\n\n\n\n<li>Ciocia Marlena<\/li>\n<\/ul>\n\n\n\n<p>Pracownicy obs\u0142ugi:<\/p>\n\n\n\n<ul class=\"wp-block-list\">\n<li>Ciocia Agnieszka \u2013 wo\u017ana<\/li>\n\n\n\n<li>Ciocia Asia \u2013 wo\u017ana<\/li>\n\n\n\n<li>Ciocia Gosia \u2013 pomoc kuchenna<\/li>\n<\/ul>\n","protected":false},"excerpt":{"rendered":"<p>Kadra Pracownicza \u2013 \u017b\u0142obek zapewnia wykwalifikowan\u0105 kadr\u0119 pedagogiczn\u0105, kt\u00f3ra posiada do\u015bwiadczenie i odpowiednie kwalifikacje do pracy z dzie\u0107mi w wieku niemowl\u0119cym i wczesnodzieci\u0119cym. Opiekunowie w \u017c\u0142obku dbaj\u0105 o rozw\u00f3j dziecka, zapewniaj\u0105c odpowiedni\u0105 stymulacj\u0119 intelektualn\u0105, emocjonaln\u0105 i fizyczn\u0105. GMINNY \u017b\u0141OBEK W S\u0141UPNIE Administracja: Opiekunki: Pracownicy obs\u0142ugi: FILIA GMINNEGO \u017b\u0141OBKA W S\u0141UPNIE W NOWYM GULCZEWIE Administracja: Opiekunki: [&hellip;]<\/p>\n","protected":false},"author":1,"featured_media":0,"parent":0,"menu_order":0,"comment_status":"closed","ping_status":"closed","template":"","meta":{"_themeisle_gutenberg_block_has_review":false,"footnotes":""},"class_list":["post-130","page","type-page","status-publish","hentry"],"_links":{"self":[{"href":"https:\/\/zlobek.slupno.eu\/index.php\/wp-json\/wp\/v2\/pages\/130","targetHints":{"allow":["GET"]}}],"collection":[{"href":"https:\/\/zlobek.slupno.eu\/index.php\/wp-json\/wp\/v2\/pages"}],"about":[{"href":"https:\/\/zlobek.slupno.eu\/index.php\/wp-json\/wp\/v2\/types\/page"}],"author":[{"embeddable":true,"href":"https:\/\/zlobek.slupno.eu\/index.php\/wp-json\/wp\/v2\/users\/1"}],"replies":[{"embeddable":true,"href":"https:\/\/zlobek.slupno.eu\/index.php\/wp-json\/wp\/v2\/comments?post=130"}],"version-history":[{"count":6,"href":"https:\/\/zlobek.slupno.eu\/index.php\/wp-json\/wp\/v2\/pages\/130\/revisions"}],"predecessor-version":[{"id":4668,"href":"https:\/\/zlobek.slupno.eu\/index.php\/wp-json\/wp\/v2\/pages\/130\/revisions\/4668"}],"wp:attachment":[{"href":"https:\/\/zlobek.slupno.eu\/index.php\/wp-json\/wp\/v2\/media?parent=130"}],"curies":[{"name":"wp","href":"https:\/\/api.w.org\/{rel}","templated":true}]}}