{"id":128,"date":"2024-11-19T10:03:28","date_gmt":"2024-11-19T09:03:28","guid":{"rendered":"https:\/\/zlobek.slupno.eu\/?page_id=128"},"modified":"2024-11-21T14:06:02","modified_gmt":"2024-11-21T13:06:02","slug":"historia","status":"publish","type":"page","link":"https:\/\/zlobek.slupno.eu\/index.php\/historia\/","title":{"rendered":"Historia"},"content":{"rendered":"\n<p><strong>31 sierpie\u0144 2015r.<\/strong><strong><\/strong><\/p>\n\n\n\n<p>Gmina S\u0142upno jako jedyna spo\u015br\u00f3d gmin wiejskich powiatu p\u0142ockiego, wychodzi naprzeciw oczekiwaniom swoich mieszka\u0144c\u00f3w i z inicjatywy W\u00f3jta Marcina Zawadki otwiera Gminny \u017b\u0142obek w S\u0142upnie.<\/p>\n\n\n\n<p>Uroczystego przeci\u0119cia wst\u0119gi dokonuj\u0105 w\u00f3jt Gminy S\u0142upno Marcin Zawadka, wiceminister Administracji i Cyfryzacji Jan Grabiec, oraz \u00f3wczesny kierownik plac\u00f3wki pani Jolanta Herc. Administratorem \u017c\u0142obka w tym czasie jest Gminny O\u015brodek Pomocy Spo\u0142ecznej w S\u0142upnie na czele z dyrektorem pani\u0105 Magdalen\u0105 Szochner \u2013 Siemi\u0144sk\u0105.<\/p>\n\n\n\n<p>W dniu 1 wrze\u015bnia 2015r. Gminny \u017b\u0142obek w S\u0142upnie dysponuje miejscami dla 18-ciorga dzieci w specjalnie przygotowanych dla maluch\u00f3w pomieszczeniach Samorz\u0105dowego Przedszkola \u201eNiezapominajka\u201d w S\u0142upnie. \u017b\u0142obek ma do dyspozycji dwie sale: do zabawy i odpoczynku, \u0142azienk\u0119 dla dzieci, oraz pomieszczenie gospodarcze. Posi\u0142ki przygotowuje kuchnia przedszkolna pod nadzorem dietetyka.<\/p>\n\n\n\n<p>Uruchomienie \u017c\u0142obka okazuje si\u0119 strza\u0142em w dziesi\u0105tk\u0119 i plac\u00f3wka szybko zyskuje popularno\u015b\u0107, ma jednak ograniczon\u0105 ilo\u015b\u0107 miejsc, dlatego te\u017c dzi\u0119ki staraniom W\u00f3jta Marcina Zawadki w lipcu 2017 roku rozpoczyna si\u0119 budowa samodzielnej siedziby \u017c\u0142obka. Obiekt zostaje wybudowany w systemie modu\u0142owym na gminnej dzia\u0142ce obok Gminnego O\u015brodka Pomocy Spo\u0142ecznej.<\/p>\n\n\n\n<div style=\"height:58px\" aria-hidden=\"true\" class=\"wp-block-spacer\"><\/div>\n\n\n\n<p><strong>7.11.2017r.<\/strong><strong><\/strong><\/p>\n\n\n\n<p>Na pocz\u0105tku listopada dzieci przeprowadzaj\u0105 si\u0119 do nowej siedziby \u017c\u0142obka w S\u0142upnie przy ul. Warszawskiej 26B. Teraz \u017c\u0142obek mo\u017ce przyj\u0105\u0107 50-cioro dzieci.<\/p>\n\n\n\n<p>Maluchy maj\u0105 do dyspozycji dwie sale zabaw z sypialniami i \u0142azienkami. Jest szatnia, pomieszczenia socjalne dla personelu, aneks kuchenny, biuro. Cztery posi\u0142ki dziennie dostarczane s\u0105 w formie cateringu z pobliskiego przedszkola \u201eNiezapominajka\u201d w S\u0142upnie. W \u017c\u0142obku zatrudnionych jest 11os\u00f3b. Nowa siedziba kosztuje ok. 1,2 mln z\u0142. Z tego blisko 400 tys. z\u0142 stanowi dotacja z rz\u0105dowego programu \u201eMaluch+\u201d.<\/p>\n\n\n\n<p><br>Podczas oficjalnego otwarcia nowej siedziby \u017c\u0142obka symbolicznego przeci\u0119cia wst\u0119gi z wielkim zaanga\u017cowaniem dokonuj\u0105 dzieci: Jula Kra\u015bniewska i Igor \u0141\u0119gowski z pomoc\u0105 dyrektor Jolanty Herc i opiekunki Eweliny Walczak. Maluchy wzbudzaj\u0105 podziw go\u015bci prezentuj\u0105c swoje artystyczne umiej\u0119tno\u015bci.<br>W\u015br\u00f3d zaproszonych go\u015bci s\u0105 m.in. wicestarosta pani Iwona Sierocka, wojew\u00f3dzka radna pani Ewa Szyma\u0144ska, przedstawicielka p\u0142ockiej delegatury urz\u0119du wojew\u00f3dzkiego pani Katarzyna Michalska, oraz w\u0142adze samorz\u0105dowe gminy. Wiosn\u0105 2018r. przy \u017c\u0142obku powstaje plac zabaw dla maluch\u00f3w.<\/p>\n\n\n\n<div style=\"height:58px\" aria-hidden=\"true\" class=\"wp-block-spacer\"><\/div>\n\n\n\n<p><strong>1 wrzesie\u0144 2022r.<\/strong><strong><\/strong><\/p>\n\n\n\n<p>Do u\u017cytku zostaje oddany budynek w Nowym Gulczewie przy ul. Stepowej 1, w kt\u00f3rym mie\u015bci si\u0119 \u017c\u0142obek i \u015bwietlica wiejska. To nowoczesne miejsce spe\u0142niaj\u0105ce wszelkie standardy oraz wymagania lokalowe. Budowa filii \u017c\u0142obka to wyj\u015bcie naprzeciw potrzebom rodzic\u00f3w, kt\u00f3rzy chc\u0105 wr\u00f3ci\u0107 do aktywno\u015bci zawodowej, jednocze\u015bnie zapewniaj\u0105c swoim pociechom bezpiecze\u0144stwo, profesjonaln\u0105 opiek\u0119 i komfortowe warunki.<\/p>\n\n\n\n<p>Do nowo powsta\u0142ego \u017c\u0142obka od 1 wrze\u015bnia 2022r. zostaje przyj\u0119tych 20 maluch\u00f3w w wielu od 20 tygodni do 3 lat<em>.&nbsp; W \u017c\u0142obku pracuj\u0105 trzy opiekunki, dwie panie wo\u017ane, kucharka oraz kierownik.<\/em><\/p>\n\n\n\n<p>Maluchy do dyspozycji maj\u0105 sal\u0119 zabaw z sypialni\u0105 oraz \u0142azienk\u0119 z dostosowanymi sanitariatami. W budynku znajduje si\u0119 ponadto: biuro, szatnia, w\u00f3zkownia oraz pomieszczenie kuchenne. Wszystkie wn\u0119trza wyposa\u017cone s\u0105 w nowe meble i sprz\u0119t AGD, a na dzieci czekaj\u0105 \u0142\u00f3\u017ceczka, ma\u0142e stoliki, krzese\u0142ka oraz mn\u00f3stwo zabawek i ksi\u0105\u017cek. \u017b\u0142obek posiada bezpieczny plac zabaw, a rodzice i opiekunowie mog\u0105 korzysta\u0107 z wygodnego parkingu.<\/p>\n\n\n\n<p>Ta inwestycja zosta\u0142a dofinansowana ze \u015brodk\u00f3w samorz\u0105du wojew\u00f3dztwa mazowieckiego. \u0141\u0105czny koszt inwestycji to 1 867 077,07z\u0142. Pozyskane dofinansowanie to 829 971,00 z\u0142.<\/p>\n\n\n\n<p>Symbolicznego przeci\u0119cia wst\u0119gi dokonali: wicemarsza\u0142ek wojew\u00f3dztwa mazowieckiego Wies\u0142aw Raboszuk, w\u00f3jt Marcin Zawadka, radna Anna Zalewska oraz p.o.&nbsp;dyrektora Gminnego \u017b\u0142obka Ewelina Walczak wraz z dzie\u0107mi.<\/p>\n\n\n\n<p>Nale\u017cy zaznaczy\u0107, \u017ce gmina S\u0142upno jest jedyn\u0105 wiejsk\u0105 gmin\u0105, posiadaj\u0105c\u0105 dwa \u017c\u0142obki, w kt\u00f3rych doskonale rozwija si\u0119 i bawi 82 dzieci do lat 3.<\/p>\n","protected":false},"excerpt":{"rendered":"<p>31 sierpie\u0144 2015r. Gmina S\u0142upno jako jedyna spo\u015br\u00f3d gmin wiejskich powiatu p\u0142ockiego, wychodzi naprzeciw oczekiwaniom swoich mieszka\u0144c\u00f3w i z inicjatywy W\u00f3jta Marcina Zawadki otwiera Gminny \u017b\u0142obek w S\u0142upnie. Uroczystego przeci\u0119cia wst\u0119gi dokonuj\u0105 w\u00f3jt Gminy S\u0142upno Marcin Zawadka, wiceminister Administracji i Cyfryzacji Jan Grabiec, oraz \u00f3wczesny kierownik plac\u00f3wki pani Jolanta Herc. Administratorem \u017c\u0142obka w tym czasie [&hellip;]<\/p>\n","protected":false},"author":1,"featured_media":0,"parent":0,"menu_order":0,"comment_status":"closed","ping_status":"closed","template":"","meta":{"_themeisle_gutenberg_block_has_review":false,"footnotes":""},"class_list":["post-128","page","type-page","status-publish","hentry"],"_links":{"self":[{"href":"https:\/\/zlobek.slupno.eu\/index.php\/wp-json\/wp\/v2\/pages\/128","targetHints":{"allow":["GET"]}}],"collection":[{"href":"https:\/\/zlobek.slupno.eu\/index.php\/wp-json\/wp\/v2\/pages"}],"about":[{"href":"https:\/\/zlobek.slupno.eu\/index.php\/wp-json\/wp\/v2\/types\/page"}],"author":[{"embeddable":true,"href":"https:\/\/zlobek.slupno.eu\/index.php\/wp-json\/wp\/v2\/users\/1"}],"replies":[{"embeddable":true,"href":"https:\/\/zlobek.slupno.eu\/index.php\/wp-json\/wp\/v2\/comments?post=128"}],"version-history":[{"count":3,"href":"https:\/\/zlobek.slupno.eu\/index.php\/wp-json\/wp\/v2\/pages\/128\/revisions"}],"predecessor-version":[{"id":284,"href":"https:\/\/zlobek.slupno.eu\/index.php\/wp-json\/wp\/v2\/pages\/128\/revisions\/284"}],"wp:attachment":[{"href":"https:\/\/zlobek.slupno.eu\/index.php\/wp-json\/wp\/v2\/media?parent=128"}],"curies":[{"name":"wp","href":"https:\/\/api.w.org\/{rel}","templated":true}]}}